{"id":105,"date":"2016-08-11T13:38:18","date_gmt":"2016-08-11T11:38:18","guid":{"rendered":"http:\/\/citydampf.at\/shop\/?page_id=105"},"modified":"2025-06-27T12:00:25","modified_gmt":"2025-06-27T10:00:25","slug":"kontakt","status":"publish","type":"page","link":"https:\/\/citydampf.at\/shop\/kontakt\/","title":{"rendered":"Kontakt"},"content":{"rendered":"<p><strong>Citydampf E-Zigaretten Fachhandel KG<\/strong><\/p>\n<p>Ing. Helmut Fritz<br \/>\nK\u00e4rntner Stra\u00dfe 153<br \/>\n8053 Graz<br \/>\nTel.: +43 660 5088133<br \/>\nshop@citydampf.at<br \/>\nFirmenbuchnummer: 502456g<\/p>\n<div style=\"display: block;\"><strong>Kundenw\u00fcnsche &amp; Anfragen:<\/strong><br \/>\nSollten Sie spezielle Teile oder besondere Liquids ben\u00f6tigen die wir in unseren<br \/>\nGesch\u00e4ften nicht f\u00fchren, k\u00f6nnen wir diese bei unserer n\u00e4chsten Bestellung<br \/>\nmitbestellen (dauer etwa 5 Werktage).<br \/>\nNehmen Sie einfach telefonisch mit uns Kontakt auf.<\/div>\n<div style=\"display: block;\"><strong>Unsere Shops:<\/strong> Graz <a href=\"#adresse_LB\">Leibnitz<\/a> <a href=\"#adresse_Gleisdorf\">Gleisdorf<\/a> <a href=\"#adresse_Graz_City\">Graz Innenstadt<\/a><\/p>\n<div style=\"max-width: 600px;\">\n<hr>\n<h3 id=\"adresse_GRAZ\">Citydampf Graz Wetzelsdorf<\/h3>\n<pre>Citydampf E-Zigaretten Fachhandel KG<img loading=\"lazy\" decoding=\"async\" class=\"size-full wp-image-439 alignright\" src=\"https:\/\/citydampf.at\/shop\/myFiles\/\/Citydampf-logo_200.jpg\" alt=\"citydampf-logo_200\" width=\"200\" height=\"200\" srcset=\"https:\/\/citydampf.at\/shop\/myFiles\/Citydampf-logo_200.jpg 200w, https:\/\/citydampf.at\/shop\/myFiles\/Citydampf-logo_200-120x120.jpg 120w, https:\/\/citydampf.at\/shop\/myFiles\/Citydampf-logo_200-100x100.jpg 100w, https:\/\/citydampf.at\/shop\/myFiles\/Citydampf-logo_200-150x150.jpg 150w\" sizes=\"auto, (max-width: 200px) 100vw, 200px\" \/>\nK\u00e4rntner Str. 153\n8053 Graz\nTel.: <a href=\"tel:+436605088133\">+43 660 5088133<\/a>\nemail: shop@citydampf.at\n<div class=\"openTimes\"><strong>&Ouml;ffnungszeiten:<\/strong><br>Mo. - Fr.: 9.30 - 18.00 Uhr<br>Sa.: 9.00 - 13.00 Uhr<\/div>\n<a href=\"https:\/\/www.facebook.com\/Citydampf-1756866604567925\" target=\"_blank\" rel=\"noopener noreferrer\">Besuchen Sie uns auf Facebook<\/a><\/pre>\n<\/div>\n<p><iframe loading=\"lazy\" style=\"border: 0;\" src=\"https:\/\/www.google.com\/maps\/embed?pb=!1m18!1m12!1m3!1d2717.824140251449!2d15.390990315910845!3d47.06329997915245!2m3!1f0!2f0!3f0!3m2!1i1024!2i768!4f13.1!3m3!1m2!1s0x476e351c045d9941%3A0x923ee890925838c5!2sCitydampf+Graz!5e0!3m2!1sde!2sat!4v1521554424954\" allowfullscreen=\"allowfullscreen\" width=\"100%\" height=\"100%\" frameborder=\"0\"><span style=\"display: inline-block; width: 0px; overflow: hidden; line-height: 0;\" data-mce-type=\"bookmark\" class=\"mce_SELRES_start\"><\/span><span style=\"display: inline-block; width: 0px; overflow: hidden; line-height: 0;\" data-mce-type=\"bookmark\" class=\"mce_SELRES_start\"><\/span><span style=\"display: inline-block; width: 0px; overflow: hidden; line-height: 0;\" data-mce-type=\"bookmark\" class=\"mce_SELRES_start\"><\/span><\/iframe><\/p>\n<div style=\"max-width: 600px;\">\n<hr>\n<h3 id=\"adresse_LB\">Citydampf KG Leibnitz<\/h3>\n<pre>Citydampf E-Zigaretten Fachhandel KG<img loading=\"lazy\" decoding=\"async\" class=\"size-full wp-image-439 alignright\" src=\"https:\/\/citydampf.at\/shop\/myFiles\/\/citydampf-leibnitz-logo_200.jpg\" alt=\"citydampf-logo_200\" width=\"200\" height=\"200\">\nMarburgerstra\u00dfe 24\n8430 Leibnitz\nTel.: <a href=\"tel:+436601119277\">+43 660 1119277<\/a>\nemail: info@citydampf.at\n<div class=\"openTimes\"><strong>&Ouml;ffnungszeiten:<\/strong><br>Mo. - Fr.: 9.30 - 18.00 Uhr<br><b style=\"color:Salmon\">Donnerstag: geschlossen<\/b><br>Sa.: 9.00 - 13.00 Uhr<\/div>\n<a href=\"https:\/\/www.facebook.com\/Citydampf-Leibnitz-301641357015904\/\" target=\"_blank\" rel=\"noopener noreferrer\">Besuchen Sie uns auf Facebook<\/a><\/pre>\n<\/div>\n<p><iframe loading=\"lazy\" style=\"border: 0;\" src=\"https:\/\/www.google.com\/maps\/embed?pb=!1m18!1m12!1m3!1d2732.44347042488!2d15.54529961590255!3d46.775865279138365!2m3!1f0!2f0!3f0!3m2!1i1024!2i768!4f13.1!3m3!1m2!1s0x476fa37dcad541cb%3A0xe9dfd9cdcabcc54!2sCitydampf+Leibnitz!5e0!3m2!1sde!2sat!4v1521554471038\" allowfullscreen=\"allowfullscreen\" width=\"100%\" height=\"100%\" frameborder=\"0\"><\/iframe><\/p>\n<div style=\"max-width: 600px;\">\n<hr>\n<h3 id=\"adresse_Gleisdorf\">Citydampf KG Gleisdorf<\/h3>\n<pre>Citydampf E-Zigaretten Fachhandel KG<img loading=\"lazy\" decoding=\"async\" class=\"size-full wp-image-439 alignright\" src=\"https:\/\/citydampf.at\/shop\/myFiles\/\/citydampf-gleisdorf-logo.jpg\" alt=\"citydampf-logo_200\" width=\"200\" height=\"200\">\nWeizer Stra\u00dfe 14\n8200 Gleisdorf\nTel.: <a href=\"tel:+436649587232\">+43 664 9587232<\/a>\nemail: info@citydampf.at\n<div class=\"openTimes\"><strong>&Ouml;ffnungszeiten:<\/strong><br>Mo. - Fr.: 9.30 - 18.00 Uhr<br>Sa.: 9.00 - 13.00 Uhr<\/div>\n<a href=\"https:\/\/www.facebook.com\/Citydampf-Gleisdorf\" target=\"_blank\" rel=\"noopener noreferrer\">Besuchen Sie uns auf Facebook<\/a><\/pre>\n<\/div>\n<p><iframe loading=\"lazy\" style=\"border: 0;\" src=\"https:\/\/www.google.com\/maps\/embed?pb=!1m18!1m12!1m3!1d174337.57322213156!2d15.410638490738048!3d46.94155597754155!2m3!1f0!2f0!3f0!3m2!1i1024!2i768!4f13.1!3m3!1m2!1s0x476e51c94847dc83%3A0x5cbe1a240652f3e9!2sCitydampf+Gleisdorf!5e0!3m2!1sde!2sat!4v1522834774382\" allowfullscreen=\"allowfullscreen\" width=\"100%\" height=\"100%\" frameborder=\"0\"><span style=\"display: inline-block; width: 0px; overflow: hidden; line-height: 0;\" data-mce-type=\"bookmark\" class=\"mce_SELRES_start\"><\/span><\/iframe><\/p>\n<div>\n<div style=\"max-width: 600px;\">\n<hr>\n<h3 id=\"adresse_Graz_City\">Citydampf KG Graz City<\/h3>\n<pre>Citydampf E-Zigaretten Fachhandel KG<img loading=\"lazy\" decoding=\"async\" class=\"size-full wp-image-439 alignright\" src=\"https:\/\/citydampf.at\/shop\/myFiles\/\/citydampf_logo_Graz_City.png\" alt=\"citydampf-logo_200\" width=\"200\" height=\"200\">\nReitschulgasse 9\n8010 Graz\nTel.: <a href=\"tel:+436645794475\">+43 6645794475<\/a>\nemail: info@citydampf.at\n<div class=\"openTimes\"><strong>&Ouml;ffnungszeiten:<\/strong><br>Mo. - Fr.: 9.30 - 18.00 Uhr<br><b style=\"color:Salmon\">Samstag: geschlossen<\/b><\/div>\n<a href=\"https:\/\/www.facebook.com\/Citydampf-1756866604567925\" target=\"_blank\" rel=\"noopener noreferrer\">Besuchen Sie uns auf Facebook<\/a><\/pre>\n<\/div>\n<\/div>\n<p><iframe loading=\"lazy\" style=\"border: 0;\" src=\"https:\/\/www.google.com\/maps\/embed?pb=!1m18!1m12!1m3!1d2717.629951516161!2d15.442260715726736!3d47.06710893308202!2m3!1f0!2f0!3f0!3m2!1i1024!2i768!4f13.1!3m3!1m2!1s0x476e4b6682bbbc73%3A0xb3ee0a2e82a8c924!2sCitydampf+Graz+City!5e0!3m2!1sde!2sat!4v1538374771421\" allowfullscreen=\"allowfullscreen\" width=\"100%\" height=\"100%\" frameborder=\"0\"><\/iframe><\/p>\n<\/div>\n","protected":false},"excerpt":{"rendered":"<p>Citydampf E-Zigaretten Fachhandel KG Ing. Helmut Fritz K\u00e4rntner Stra\u00dfe 153 8053 Graz Tel.: +43 660 5088133 shop@citydampf.at Firmenbuchnummer: 502456g Kundenw\u00fcnsche &amp; Anfragen: Sollten Sie spezielle Teile oder besondere Liquids ben\u00f6tigen &#8230;<\/p>\n","protected":false},"author":1,"featured_media":0,"parent":0,"menu_order":0,"comment_status":"closed","ping_status":"closed","template":"","meta":{"footnotes":""},"class_list":["post-105","page","type-page","status-publish","hentry"],"_links":{"self":[{"href":"https:\/\/citydampf.at\/shop\/wp-json\/wp\/v2\/pages\/105","targetHints":{"allow":["GET"]}}],"collection":[{"href":"https:\/\/citydampf.at\/shop\/wp-json\/wp\/v2\/pages"}],"about":[{"href":"https:\/\/citydampf.at\/shop\/wp-json\/wp\/v2\/types\/page"}],"author":[{"embeddable":true,"href":"https:\/\/citydampf.at\/shop\/wp-json\/wp\/v2\/users\/1"}],"replies":[{"embeddable":true,"href":"https:\/\/citydampf.at\/shop\/wp-json\/wp\/v2\/comments?post=105"}],"version-history":[{"count":0,"href":"https:\/\/citydampf.at\/shop\/wp-json\/wp\/v2\/pages\/105\/revisions"}],"wp:attachment":[{"href":"https:\/\/citydampf.at\/shop\/wp-json\/wp\/v2\/media?parent=105"}],"curies":[{"name":"wp","href":"https:\/\/api.w.org\/{rel}","templated":true}]}}