{"id":459,"date":"2016-09-29T21:47:21","date_gmt":"2016-09-29T19:47:21","guid":{"rendered":"http:\/\/citydampf.at\/shop\/?page_id=459"},"modified":"2024-02-13T11:41:39","modified_gmt":"2024-02-13T10:41:39","slug":"anfahrtsplan","status":"publish","type":"page","link":"https:\/\/citydampf.at\/shop\/anfahrtsplan\/","title":{"rendered":"Anfahrtsplan"},"content":{"rendered":"<p>Hier finden Sie unsere Gesch\u00e4ftslokale in Graz, Gleisdorf und Leibnitz. Parkpl\u00e4tze f\u00fcr Kunden sind vorhanden.<\/p>\n<p><strong>8053 Graz, K\u00e4rntner Stra\u00dfe 153<\/strong><\/p>\n<p><iframe loading=\"lazy\" style=\"border: 0;\" src=\"https:\/\/www.google.com\/maps\/embed?pb=!1m18!1m12!1m3!1d2717.824140251449!2d15.390990315910845!3d47.06329997915245!2m3!1f0!2f0!3f0!3m2!1i1024!2i768!4f13.1!3m3!1m2!1s0x476e351c045d9941%3A0x923ee890925838c5!2sCitydampf+Graz!5e0!3m2!1sde!2sat!4v1521554424954\" width=\"100%\" height=\"400\" frameborder=\"0\" allowfullscreen=\"allowfullscreen\"><\/iframe><\/p>\n<p><strong>8430 Leibnitz, Marburgerstra\u00dfe 24<\/strong><\/p>\n<p><iframe loading=\"lazy\" style=\"border: 0;\" src=\"https:\/\/www.google.com\/maps\/embed?pb=!1m18!1m12!1m3!1d2732.44347042488!2d15.54529961590255!3d46.775865279138365!2m3!1f0!2f0!3f0!3m2!1i1024!2i768!4f13.1!3m3!1m2!1s0x476fa37dcad541cb%3A0xe9dfd9cdcabcc54!2sCitydampf+Leibnitz!5e0!3m2!1sde!2sat!4v1521554471038\" width=\"100%\" height=\"400\" frameborder=\"0\" allowfullscreen=\"allowfullscreen\"><\/iframe><\/p>\n<p><strong>8200 Gleisdorf, Weizer Strasse 14<\/strong><\/p>\n<p><iframe loading=\"lazy\" style=\"border: 0;\" src=\"https:\/\/www.google.com\/maps\/embed?pb=!1m18!1m12!1m3!1d174337.57322213156!2d15.410638490738048!3d46.94155597754155!2m3!1f0!2f0!3f0!3m2!1i1024!2i768!4f13.1!3m3!1m2!1s0x476e51c94847dc83%3A0x5cbe1a240652f3e9!2sCitydampf+Gleisdorf!5e0!3m2!1sde!2sat!4v1522834774382\" width=\"100%\" height=\"400\" frameborder=\"0\" allowfullscreen=\"allowfullscreen\"><\/iframe><\/p>\n<p><strong>8010 Graz, Reitschulgasse 9<\/strong><\/p>\n<p><iframe loading=\"lazy\" style=\"border: 0;\" src=\"https:\/\/www.google.com\/maps\/embed?pb=!1m18!1m12!1m3!1d2717.629951516161!2d15.442260715726736!3d47.06710893308202!2m3!1f0!2f0!3f0!3m2!1i1024!2i768!4f13.1!3m3!1m2!1s0x476e4b6682bbbc73%3A0xb3ee0a2e82a8c924!2sCitydampf+Graz+City!5e0!3m2!1sde!2sat!4v1538374771421\" width=\"100%\" height=\"400\" frameborder=\"0\" allowfullscreen=\"allowfullscreen\"><\/iframe><\/p>\n","protected":false},"excerpt":{"rendered":"<p>Hier finden Sie unsere Gesch\u00e4ftslokale in Graz, Gleisdorf und Leibnitz. Parkpl\u00e4tze f\u00fcr Kunden sind vorhanden. 8053 Graz, K\u00e4rntner Stra\u00dfe 153 8430 Leibnitz, Marburgerstra\u00dfe 24 8200 Gleisdorf, Weizer Strasse 14 8010 &#8230;<\/p>\n","protected":false},"author":1,"featured_media":0,"parent":0,"menu_order":0,"comment_status":"closed","ping_status":"closed","template":"","meta":{"footnotes":""},"class_list":["post-459","page","type-page","status-publish","hentry"],"_links":{"self":[{"href":"https:\/\/citydampf.at\/shop\/wp-json\/wp\/v2\/pages\/459","targetHints":{"allow":["GET"]}}],"collection":[{"href":"https:\/\/citydampf.at\/shop\/wp-json\/wp\/v2\/pages"}],"about":[{"href":"https:\/\/citydampf.at\/shop\/wp-json\/wp\/v2\/types\/page"}],"author":[{"embeddable":true,"href":"https:\/\/citydampf.at\/shop\/wp-json\/wp\/v2\/users\/1"}],"replies":[{"embeddable":true,"href":"https:\/\/citydampf.at\/shop\/wp-json\/wp\/v2\/comments?post=459"}],"version-history":[{"count":0,"href":"https:\/\/citydampf.at\/shop\/wp-json\/wp\/v2\/pages\/459\/revisions"}],"wp:attachment":[{"href":"https:\/\/citydampf.at\/shop\/wp-json\/wp\/v2\/media?parent=459"}],"curies":[{"name":"wp","href":"https:\/\/api.w.org\/{rel}","templated":true}]}}