{"id":5424,"date":"2018-12-28T15:00:08","date_gmt":"2018-12-28T14:00:08","guid":{"rendered":"https:\/\/citydampf.at\/shop\/?page_id=5424"},"modified":"2024-11-26T20:44:32","modified_gmt":"2024-11-26T19:44:32","slug":"oeffnungszeiten","status":"publish","type":"page","link":"https:\/\/citydampf.at\/shop\/oeffnungszeiten\/","title":{"rendered":"\u00d6ffnungszeiten Citydampf"},"content":{"rendered":"<p><strong>K\u00e4rntner Stra\u00dfe 153, 8053 Graz<\/strong><br \/><div class=\"openTimes\"><strong>&Ouml;ffnungszeiten:<\/strong><br>Mo. - Fr.: 9.30 - 18.00 Uhr<br>Sa.: 9.00 - 13.00 Uhr<\/div><\/p>\n<hr \/>\n<p><strong>Reitschulgasse 9, 8010 Graz<\/strong><br \/><div class=\"openTimes\"><strong>&Ouml;ffnungszeiten:<\/strong><br>Mo. - Fr.: 9.30 - 18.00 Uhr<br><b style=\"color:Salmon\">Samstag: geschlossen<\/b><\/div><\/p>\n<hr \/>\n<p><strong>Marburgerstra\u00dfe 24, 8430 Leibnitz<\/strong><br \/><div class=\"openTimes\"><strong>&Ouml;ffnungszeiten:<\/strong><br>Mo. - Fr.: 9.30 - 18.00 Uhr<br><b style=\"color:Salmon\">Donnerstag: geschlossen<\/b><br>Sa.: 9.00 - 13.00 Uhr<\/div><\/p>\n<hr \/>\n<p><strong>Weizer Stra\u00dfe 14, 8200 Gleisdorf<\/strong><br \/><div class=\"openTimes\"><strong>&Ouml;ffnungszeiten:<\/strong><br>Mo. - Fr.: 9.30 - 18.00 Uhr<br>Sa.: 9.00 - 13.00 Uhr<\/div><\/p>\n<hr \/>\n<p><strong>Warenautomat K\u00e4rtner Stra\u00dfe 153 Hinterhof, 8053 Graz<\/strong><br \/><div class=\"openTimes\"><strong>&Ouml;ffnungszeiten:<\/strong><br>Mo.- Fr.: geschlossen<br><b style=\"color:Salmon\">Samstag: geschlossen<\/b><\/div><\/p>\n<hr \/>\n<p><strong>Warenautomat Weizer Stra\u00dfe 14, 8200 Gleisdorf<\/strong><br \/><div class=\"openTimes\"><strong>&Ouml;ffnungszeiten:<\/strong><br>Mo.- Fr.: geschlossen<br><b style=\"color:Salmon\">Samstag: geschlossen<\/b><\/div><\/p>\n\n<p><\/p>\n","protected":false},"excerpt":{"rendered":"<p>K\u00e4rntner Stra\u00dfe 153, 8053 Graz Reitschulgasse 9, 8010 Graz Marburgerstra\u00dfe 24, 8430 Leibnitz Weizer Stra\u00dfe 14, 8200 Gleisdorf Warenautomat K\u00e4rtner Stra\u00dfe 153 Hinterhof, 8053 Graz Warenautomat Weizer Stra\u00dfe 14, 8200 &#8230;<\/p>\n","protected":false},"author":1,"featured_media":0,"parent":0,"menu_order":0,"comment_status":"closed","ping_status":"closed","template":"","meta":{"footnotes":""},"class_list":["post-5424","page","type-page","status-publish","hentry"],"_links":{"self":[{"href":"https:\/\/citydampf.at\/shop\/wp-json\/wp\/v2\/pages\/5424","targetHints":{"allow":["GET"]}}],"collection":[{"href":"https:\/\/citydampf.at\/shop\/wp-json\/wp\/v2\/pages"}],"about":[{"href":"https:\/\/citydampf.at\/shop\/wp-json\/wp\/v2\/types\/page"}],"author":[{"embeddable":true,"href":"https:\/\/citydampf.at\/shop\/wp-json\/wp\/v2\/users\/1"}],"replies":[{"embeddable":true,"href":"https:\/\/citydampf.at\/shop\/wp-json\/wp\/v2\/comments?post=5424"}],"version-history":[{"count":0,"href":"https:\/\/citydampf.at\/shop\/wp-json\/wp\/v2\/pages\/5424\/revisions"}],"wp:attachment":[{"href":"https:\/\/citydampf.at\/shop\/wp-json\/wp\/v2\/media?parent=5424"}],"curies":[{"name":"wp","href":"https:\/\/api.w.org\/{rel}","templated":true}]}}